{"id":481,"date":"2023-02-02T11:18:19","date_gmt":"2023-02-02T10:18:19","guid":{"rendered":"https:\/\/horrmundsgarden3.cmsp.se\/kontakt\/"},"modified":"2023-11-02T15:46:12","modified_gmt":"2023-11-02T14:46:12","slug":"contact","status":"publish","type":"page","link":"https:\/\/horrmund.se\/en\/contact\/","title":{"rendered":"Contact"},"content":{"rendered":"<div class=\"wpb-content-wrapper\"><p>[vc_section full_width=&#8221;stretch_row&#8221; el_id=&#8221;start_inside&#8221; css=&#8221;.vc_custom_1697639402539{background-image: url(\/files\/Vinter-aktiviteter.jpg?id=389) !important;background-position: center !important;background-repeat: no-repeat !important;background-size: cover !important;}&#8221;][vc_row][vc_column][vc_column_text]<\/p>\n<h1>Contact<\/h1>\n<p>[\/vc_column_text][\/vc_column][\/vc_row][\/vc_section][vc_section][vc_row][vc_column][vc_empty_space height=&#8221;75px&#8221; el_class=&#8221;empty-75&#8243;][\/vc_column][\/vc_row][vc_row][vc_column width=&#8221;1\/2&#8243;][vc_column_text]<\/p>\n<h2>Horrmundsg\u00e5rden in S\u00e4len AB<\/h2>\n<h3>Iris &amp; Kristbj\u00f6rn Eydal<\/h3>\n<p><strong>Telephone<br \/>\n<\/strong><a href=\"tel:0280259095\">+46 (0) 280 25095 <\/a><br \/>\n<a href=\"tel:0739497603\">+46 (0) 73 949 7603<\/a><\/p>\n<p><strong>E-mail<\/strong><br \/>\n<a href=\"mailto:info@horrmund.se\">info@horrmund.se<\/a><\/p>\n<p><strong>Adress<\/strong><br \/>\nHorrmundsg\u00e5rden, W 1033 1,<br \/>\n780 67 Malung-S\u00e4lens commune<\/p>\n<p><strong>Coordinates<\/strong><br \/>\n61.3059762,13.1619333[\/vc_column_text][\/vc_column][vc_column width=&#8221;1\/2&#8243;][vc_gmaps link=&#8221;#E-8_JTNDaWZyYW1lJTIwc3JjJTNEJTIyaHR0cHMlM0ElMkYlMkZ3d3cuZ29vZ2xlLmNvbSUyRm1hcHMlMkZlbWJlZCUzRnBiJTNEJTIxMW0xNCUyMTFtOCUyMTFtMyUyMTFkMjA4OTIwLjAxNjU3OTUwMjc2JTIxMmQxMy4xOTg5MzUyODUyNjc0NTYlMjEzZDYxLjE5NTAzMzU1MjI1NDk4JTIxM20yJTIxMWkxMDI0JTIxMmk3NjglMjE0ZjEzLjElMjEzbTMlMjExbTIlMjExczB4NDY2ODUzMzAxYjIyYWNjZiUyNTNBMHhlYTM4ODU2NmQxMDA2YTYlMjEyc0hvcnJtdW5kc2clMjVDMyUyNUE1cmRlbiUyNTIwaSUyNTIwUyUyNUMzJTI1QTRsZW4lMjE1ZTAlMjEzbTIlMjExc3N2JTIxMnN1cyUyMTR2MTY5NzYyMDM3MjA2NCUyMTVtMiUyMTFzc3YlMjEyc3VzJTIyJTIwd2lkdGglM0QlMjI2MDAlMjIlMjBoZWlnaHQlM0QlMjI0NTAlMjIlMjBzdHlsZSUzRCUyMmJvcmRlciUzQTAlM0IlMjIlMjBhbGxvd2Z1bGxzY3JlZW4lM0QlMjIlMjIlMjBsb2FkaW5nJTNEJTIybGF6eSUyMiUyMHJlZmVycmVycG9saWN5JTNEJTIybm8tcmVmZXJyZXItd2hlbi1kb3duZ3JhZGUlMjIlM0UlM0MlMkZpZnJhbWUlM0U=&#8221;][\/vc_column][\/vc_row][vc_row][vc_column][vc_empty_space height=&#8221;75px&#8221; el_class=&#8221;empty-75&#8243;][\/vc_column][\/vc_row][\/vc_section]<\/p>\n<\/div>","protected":false},"excerpt":{"rendered":"<p>[vc_section full_width=&#8221;stretch_row&#8221; el_id=&#8221;start_inside&#8221; css=&#8221;.vc_custom_1697639402539{background-image: url(\/files\/Vinter-aktiviteter.jpg?id=389) !important;background-position: center !important;background-repeat: no-repeat !important;background-size: cover !important;}&#8221;][vc_row][vc_column][vc_column_text] Contact [\/vc_column_text][\/vc_column][\/vc_row][\/vc_section][vc_section][vc_row][vc_column][vc_empty_space height=&#8221;75px&#8221; el_class=&#8221;empty-75&#8243;][\/vc_column][\/vc_row][vc_row][vc_column width=&#8221;1\/2&#8243;][vc_column_text] Horrmundsg\u00e5rden in S\u00e4len AB Iris &amp; Kristbj\u00f6rn Eydal Telephone +46 (0) 280 25095 +46 (0) 73 949 7603 E-mail info@horrmund.se Adress Horrmundsg\u00e5rden, W 1033 1, 780 67 Malung-S\u00e4lens commune Coordinates 61.3059762,13.1619333[\/vc_column_text][\/vc_column][vc_column width=&#8221;1\/2&#8243;][vc_gmaps link=&#8221;#E-8_JTNDaWZyYW1lJTIwc3JjJTNEJTIyaHR0cHMlM0ElMkYlMkZ3d3cuZ29vZ2xlLmNvbSUyRm1hcHMlMkZlbWJlZCUzRnBiJTNEJTIxMW0xNCUyMTFtOCUyMTFtMyUyMTFkMjA4OTIwLjAxNjU3OTUwMjc2JTIxMmQxMy4xOTg5MzUyODUyNjc0NTYlMjEzZDYxLjE5NTAzMzU1MjI1NDk4JTIxM20yJTIxMWkxMDI0JTIxMmk3NjglMjE0ZjEzLjElMjEzbTMlMjExbTIlMjExczB4NDY2ODUzMzAxYjIyYWNjZiUyNTNBMHhlYTM4ODU2NmQxMDA2YTYlMjEyc0hvcnJtdW5kc2clMjVDMyUyNUE1cmRlbiUyNTIwaSUyNTIwUyUyNUMzJTI1QTRsZW4lMjE1ZTAlMjEzbTIlMjExc3N2JTIxMnN1cyUyMTR2MTY5NzYyMDM3MjA2NCUyMTVtMiUyMTFzc3YlMjEyc3VzJTIyJTIwd2lkdGglM0QlMjI2MDAlMjIlMjBoZWlnaHQlM0QlMjI0NTAlMjIlMjBzdHlsZSUzRCUyMmJvcmRlciUzQTAlM0IlMjIlMjBhbGxvd2Z1bGxzY3JlZW4lM0QlMjIlMjIlMjBsb2FkaW5nJTNEJTIybGF6eSUyMiUyMHJlZmVycmVycG9saWN5JTNEJTIybm8tcmVmZXJyZXItd2hlbi1kb3duZ3JhZGUlMjIlM0UlM0MlMkZpZnJhbWUlM0U=&#8221;][\/vc_column][\/vc_row][vc_row][vc_column][vc_empty_space height=&#8221;75px&#8221; el_class=&#8221;empty-75&#8243;][\/vc_column][\/vc_row][\/vc_section]<\/p>\n","protected":false},"author":2692,"featured_media":0,"parent":0,"menu_order":100,"comment_status":"closed","ping_status":"closed","template":"","meta":{"footnotes":""},"class_list":["post-481","page","type-page","status-publish","hentry"],"_links":{"self":[{"href":"https:\/\/horrmund.se\/en\/wp-json\/wp\/v2\/pages\/481","targetHints":{"allow":["GET"]}}],"collection":[{"href":"https:\/\/horrmund.se\/en\/wp-json\/wp\/v2\/pages"}],"about":[{"href":"https:\/\/horrmund.se\/en\/wp-json\/wp\/v2\/types\/page"}],"author":[{"embeddable":true,"href":"https:\/\/horrmund.se\/en\/wp-json\/wp\/v2\/users\/2692"}],"replies":[{"embeddable":true,"href":"https:\/\/horrmund.se\/en\/wp-json\/wp\/v2\/comments?post=481"}],"version-history":[{"count":5,"href":"https:\/\/horrmund.se\/en\/wp-json\/wp\/v2\/pages\/481\/revisions"}],"predecessor-version":[{"id":504,"href":"https:\/\/horrmund.se\/en\/wp-json\/wp\/v2\/pages\/481\/revisions\/504"}],"wp:attachment":[{"href":"https:\/\/horrmund.se\/en\/wp-json\/wp\/v2\/media?parent=481"}],"curies":[{"name":"wp","href":"https:\/\/api.w.org\/{rel}","templated":true}]}}