{"id":408,"date":"2023-10-18T08:41:20","date_gmt":"2023-10-18T06:41:20","guid":{"rendered":"https:\/\/horrmundsgarden3.cmsp.se\/aktiviteter\/"},"modified":"2023-11-02T15:28:14","modified_gmt":"2023-11-02T14:28:14","slug":"to-do","status":"publish","type":"page","link":"https:\/\/horrmund.se\/en\/to-do\/","title":{"rendered":"To do"},"content":{"rendered":"<div class=\"wpb-content-wrapper\"><p>[vc_section full_width=&#8221;stretch_row&#8221; el_id=&#8221;start_inside&#8221; css=&#8221;.vc_custom_1697637611551{background-image: url(\/files\/aktiviteter-salen.jpg?id=379) !important;background-position: center !important;background-repeat: no-repeat !important;background-size: cover !important;}&#8221;][vc_row][vc_column][vc_column_text]<\/p>\n<h1>To do<\/h1>\n<p>[\/vc_column_text][\/vc_column][\/vc_row][\/vc_section][vc_section][vc_row][vc_column][vc_empty_space height=&#8221;75px&#8221; el_class=&#8221;empty-75&#8243;][\/vc_column][\/vc_row][vc_row][vc_column width=&#8221;1\/2&#8243;][vc_column_text]Horrmundsg\u00e5rden is located in the middle of the forest between S\u00e4len and St\u00f6ten in North Dalarna. Here you can cozy up on the sofa in one of the common areas or outside in one of our sitting areas and why not make a small fire in the BBQ shed and enjoy a cup of hot chocolate. We make cross-country tracks in the winter and you can swim in Horrmundsj\u00f6n in the summer. The children have a game room of their own and can also play around in the garden. After a lovely day on the ski slopes it also feels good to be able to wind down in the heat of our wood-burning sauna.<\/p>\n<p>Wi-Fi is free and among the common areas there is a TV room and a game room. You can borrow our snowshoes or canoes depending on the season. In the gameroom there are, among other things, board games, a dart board and foosball table so the children can always find something to do. Our Icelandic sheepdogs Lemmy and Dio think it&#8217;s great fun to play outside with children and other dogs and they are very kind and happy.<br \/>\n[\/vc_column_text][\/vc_column][vc_column width=&#8221;1\/2&#8243;][vc_single_image image=&#8221;375&#8243; img_size=&#8221;full&#8221;][\/vc_column][\/vc_row][vc_row][vc_column][vc_empty_space height=&#8221;75px&#8221; el_class=&#8221;empty-75&#8243;][\/vc_column][\/vc_row][\/vc_section][vc_section full_width=&#8221;stretch_row&#8221; css=&#8221;.vc_custom_1697640547397{background-color: #f3f0ea !important;}&#8221;][vc_row][vc_column][vc_empty_space height=&#8221;75px&#8221; el_class=&#8221;empty-75&#8243;][\/vc_column][\/vc_row][vc_row][vc_column width=&#8221;1\/6&#8243;][\/vc_column][vc_column width=&#8221;2\/3&#8243;][vc_column_text]<\/p>\n<h2 style=\"text-align: center;\">All-year activities nearby<\/h2>\n<p>[\/vc_column_text][\/vc_column][vc_column width=&#8221;1\/6&#8243;][\/vc_column][\/vc_row][vc_row][vc_column][vc_empty_space height=&#8221;75px&#8221; el_class=&#8221;empty-75&#8243;][\/vc_column][\/vc_row][vc_row content_placement=&#8221;middle&#8221;][vc_column width=&#8221;1\/2&#8243;][vc_column_text]<\/p>\n<h3>Winter in S\u00e4len<\/h3>\n<ul>\n<li>Ski in the resorts nearby such as S\u00e4len mountains, St\u00f6ten, Kl\u00e4ppen, Idre and Trysil. We are 20 km from S\u00e4len and 50 km from Trysil<\/li>\n<li>Bring your skates for a round of the lakes in the area<\/li>\n<li>The snowmobile trails run right outside the premises. We sell maps of the trails system and have extensive knowledge of the network<\/li>\n<li>Feel free to try our very own cross-country trail that starts right outside the front door<\/li>\n<li>Book a cozy evening in the wood-fired sauna to warm up after a full day in the snow<\/li>\n<li>Take a seat in the BBQ-shed and unwind as the flames reach for the sky. Perhaps bring some marshmallows or hot dogs<\/li>\n<li>Fishing licence and passes for the snowmobile network are available for purchase<\/li>\n<\/ul>\n<p>[\/vc_column_text][\/vc_column][vc_column width=&#8221;1\/2&#8243;][vc_single_image image=&#8221;184&#8243; img_size=&#8221;800&#215;600&#8243;][\/vc_column][\/vc_row][vc_row content_placement=&#8221;middle&#8221; el_class=&#8221;reverse&#8221;][vc_column width=&#8221;1\/2&#8243;][vc_single_image image=&#8221;185&#8243; img_size=&#8221;800&#215;600&#8243;][\/vc_column][vc_column width=&#8221;1\/2&#8243;][vc_column_text]<\/p>\n<h3>Spring in S\u00e4len<\/h3>\n<ul>\n<li>It is still time for one last round on the snowmobile<\/li>\n<li>A day out fishing for trout on the spring ice of the still frozen lakes and streams.<\/li>\n<li>First hikers and cyclists of the year start turning up<\/li>\n<\/ul>\n<p>[\/vc_column_text][\/vc_column][\/vc_row][vc_row content_placement=&#8221;middle&#8221;][vc_column width=&#8221;1\/2&#8243;][vc_column_text]<\/p>\n<h3>Summer in S\u00e4len<\/h3>\n<ul>\n<li>Go for a swim in lake Horrmundsj\u00f6n which is close by<\/li>\n<li>Make lunch in the BBQ hut and work on your tan on the patio<\/li>\n<li>Hike and bicycle on the mountain trails during the day and return to a comfortable accomodation<\/li>\n<li>Fish in the lakes and streams. Buy your fishing licence here<\/li>\n<li>Rent our canoes and go for a boatride on Horrmundsj\u00f6n<\/li>\n<li>Lots of outdoor activities for the kids which our dogs love to watch and even play along.<\/li>\n<li>Short driving distance to the national park Fulufj\u00e4llet and Swedens tallest waterfall, Njupesk\u00e4r. S\u00e4rna beach or lake Stensj\u00f6n are worth to mention also.<\/li>\n<li>Motor&amp;Musik in \u00c4lvdalen in week 32<\/li>\n<li>The Dansbandsweek in Malung in week 29<\/li>\n<li>Celebrate midsummer in S\u00e4len<\/li>\n<li>Cykelvasan week 32 and Ultravasan week 33<\/li>\n<\/ul>\n<p>[\/vc_column_text][\/vc_column][vc_column width=&#8221;1\/2&#8243;][vc_single_image image=&#8221;186&#8243; img_size=&#8221;800&#215;600&#8243;][\/vc_column][\/vc_row][vc_row content_placement=&#8221;middle&#8221; el_class=&#8221;reverse&#8221;][vc_column width=&#8221;1\/2&#8243;][vc_single_image image=&#8221;187&#8243; img_size=&#8221;800&#215;600&#8243;][\/vc_column][vc_column width=&#8221;1\/2&#8243;][vc_column_text]<\/p>\n<h3>Autumn in S\u00e4len<\/h3>\n<ul>\n<li>Fish in the river and lakes when the grayling is most eager<\/li>\n<li>Hunting draws many who desire venison<\/li>\n<li>Search for berries and mushroom in the forest<\/li>\n<li>Hiking trips in the beutiful autumn colors<\/li>\n<li>Enjoy the silence and perhaps try a delicious breakfast buffet<\/li>\n<\/ul>\n<p>[\/vc_column_text][\/vc_column][\/vc_row][vc_row][vc_column][vc_empty_space height=&#8221;75px&#8221; el_class=&#8221;empty-75&#8243;][\/vc_column][\/vc_row][\/vc_section][vc_section full_width=&#8221;stretch_row&#8221; el_id=&#8221;boka&#8221;][vc_row][vc_column width=&#8221;1\/6&#8243;][\/vc_column][vc_column width=&#8221;2\/3&#8243;][vc_widget_sidebar sidebar_id=&#8221;vc_widget_1&#8243;][\/vc_column][vc_column width=&#8221;1\/6&#8243;][\/vc_column][\/vc_row][\/vc_section]<\/p>\n<\/div>","protected":false},"excerpt":{"rendered":"<p>[vc_section full_width=&#8221;stretch_row&#8221; el_id=&#8221;start_inside&#8221; css=&#8221;.vc_custom_1697637611551{background-image: url(\/files\/aktiviteter-salen.jpg?id=379) !important;background-position: center !important;background-repeat: no-repeat !important;background-size: cover !important;}&#8221;][vc_row][vc_column][vc_column_text] To do [\/vc_column_text][\/vc_column][\/vc_row][\/vc_section][vc_section][vc_row][vc_column][vc_empty_space height=&#8221;75px&#8221; el_class=&#8221;empty-75&#8243;][\/vc_column][\/vc_row][vc_row][vc_column width=&#8221;1\/2&#8243;][vc_column_text]Horrmundsg\u00e5rden is located in the middle of the forest between S\u00e4len and St\u00f6ten in North Dalarna. Here you can cozy up on the sofa in one of the common areas or outside in one of our sitting areas [&hellip;]<\/p>\n","protected":false},"author":4,"featured_media":0,"parent":0,"menu_order":4,"comment_status":"closed","ping_status":"closed","template":"","meta":{"footnotes":""},"class_list":["post-408","page","type-page","status-publish","hentry"],"_links":{"self":[{"href":"https:\/\/horrmund.se\/en\/wp-json\/wp\/v2\/pages\/408","targetHints":{"allow":["GET"]}}],"collection":[{"href":"https:\/\/horrmund.se\/en\/wp-json\/wp\/v2\/pages"}],"about":[{"href":"https:\/\/horrmund.se\/en\/wp-json\/wp\/v2\/types\/page"}],"author":[{"embeddable":true,"href":"https:\/\/horrmund.se\/en\/wp-json\/wp\/v2\/users\/4"}],"replies":[{"embeddable":true,"href":"https:\/\/horrmund.se\/en\/wp-json\/wp\/v2\/comments?post=408"}],"version-history":[{"count":4,"href":"https:\/\/horrmund.se\/en\/wp-json\/wp\/v2\/pages\/408\/revisions"}],"predecessor-version":[{"id":500,"href":"https:\/\/horrmund.se\/en\/wp-json\/wp\/v2\/pages\/408\/revisions\/500"}],"wp:attachment":[{"href":"https:\/\/horrmund.se\/en\/wp-json\/wp\/v2\/media?parent=408"}],"curies":[{"name":"wp","href":"https:\/\/api.w.org\/{rel}","templated":true}]}}