{"id":405,"date":"2023-10-18T13:22:05","date_gmt":"2023-10-18T11:22:05","guid":{"rendered":"https:\/\/horrmundsgarden3.cmsp.se\/boende\/erbjudanden\/"},"modified":"2023-10-18T13:22:05","modified_gmt":"2023-10-18T11:22:05","slug":"erbjudanden","status":"publish","type":"page","link":"https:\/\/horrmund.se\/en\/accommodation\/erbjudanden\/","title":{"rendered":"Erbjudanden"},"content":{"rendered":"<div class=\"wpb-content-wrapper\"><p>[vc_section full_width=&#8221;stretch_row&#8221; el_id=&#8221;start_inside&#8221; css=&#8221;.vc_custom_1697636031447{background-image: url(\/files\/Framsida-vinter-horrmundsgarden.jpg?id=141) !important;background-position: center !important;background-repeat: no-repeat !important;background-size: cover !important;}&#8221;][vc_row][vc_column][vc_column_text]<\/p>\n<h1>Erbjudanden<\/h1>\n<p>[\/vc_column_text][\/vc_column][\/vc_row][\/vc_section][vc_section][vc_row][vc_column][vc_empty_space height=&#8221;75px&#8221; el_class=&#8221;empty-75&#8243;][\/vc_column][\/vc_row][vc_row][vc_column width=&#8221;1\/6&#8243;][\/vc_column][vc_column width=&#8221;2\/3&#8243;][vc_column_text]<\/p>\n<h2 style=\"text-align: center;\">V\u00e5ra erbjudanden<\/h2>\n<p style=\"text-align: center;\">V\u00e4lkommen att ta del av v\u00e5ra erbjudanden h\u00e4r p\u00e5 Horrmundsg\u00e5rden Bed &amp; Breakfast i S\u00e4len. Vi har tagit fram s\u00e4rskilda rabatter passande v\u00e5ra g\u00e4ster, \u00e5ret runt.<\/p>\n<p>[\/vc_column_text][\/vc_column][vc_column width=&#8221;1\/6&#8243;][\/vc_column][\/vc_row][vc_row][vc_column][vc_empty_space height=&#8221;75px&#8221; el_class=&#8221;empty-75&#8243;][\/vc_column][\/vc_row][\/vc_section][vc_section full_width=&#8221;stretch_row&#8221; el_id=&#8221;boka&#8221;][vc_row][vc_column width=&#8221;1\/6&#8243;][\/vc_column][vc_column width=&#8221;2\/3&#8243;][vc_widget_sidebar sidebar_id=&#8221;vc_widget_1&#8243;][\/vc_column][vc_column width=&#8221;1\/6&#8243;][\/vc_column][\/vc_row][\/vc_section]<\/p>\n<\/div>","protected":false},"excerpt":{"rendered":"<p>[vc_section full_width=&#8221;stretch_row&#8221; el_id=&#8221;start_inside&#8221; css=&#8221;.vc_custom_1697636031447{background-image: url(\/files\/Framsida-vinter-horrmundsgarden.jpg?id=141) !important;background-position: center !important;background-repeat: no-repeat !important;background-size: cover !important;}&#8221;][vc_row][vc_column][vc_column_text] Erbjudanden [\/vc_column_text][\/vc_column][\/vc_row][\/vc_section][vc_section][vc_row][vc_column][vc_empty_space height=&#8221;75px&#8221; el_class=&#8221;empty-75&#8243;][\/vc_column][\/vc_row][vc_row][vc_column width=&#8221;1\/6&#8243;][\/vc_column][vc_column width=&#8221;2\/3&#8243;][vc_column_text] V\u00e5ra erbjudanden V\u00e4lkommen att ta del av v\u00e5ra erbjudanden h\u00e4r p\u00e5 Horrmundsg\u00e5rden Bed &amp; Breakfast i S\u00e4len. Vi har tagit fram s\u00e4rskilda rabatter passande v\u00e5ra g\u00e4ster, \u00e5ret runt. [\/vc_column_text][\/vc_column][vc_column width=&#8221;1\/6&#8243;][\/vc_column][\/vc_row][vc_row][vc_column][vc_empty_space height=&#8221;75px&#8221; el_class=&#8221;empty-75&#8243;][\/vc_column][\/vc_row][\/vc_section][vc_section full_width=&#8221;stretch_row&#8221; el_id=&#8221;boka&#8221;][vc_row][vc_column width=&#8221;1\/6&#8243;][\/vc_column][vc_column width=&#8221;2\/3&#8243;][vc_widget_sidebar sidebar_id=&#8221;vc_widget_1&#8243;][\/vc_column][vc_column [&hellip;]<\/p>\n","protected":false},"author":4,"featured_media":0,"parent":397,"menu_order":4,"comment_status":"closed","ping_status":"closed","template":"","meta":{"footnotes":""},"class_list":["post-405","page","type-page","status-publish","hentry"],"_links":{"self":[{"href":"https:\/\/horrmund.se\/en\/wp-json\/wp\/v2\/pages\/405","targetHints":{"allow":["GET"]}}],"collection":[{"href":"https:\/\/horrmund.se\/en\/wp-json\/wp\/v2\/pages"}],"about":[{"href":"https:\/\/horrmund.se\/en\/wp-json\/wp\/v2\/types\/page"}],"author":[{"embeddable":true,"href":"https:\/\/horrmund.se\/en\/wp-json\/wp\/v2\/users\/4"}],"replies":[{"embeddable":true,"href":"https:\/\/horrmund.se\/en\/wp-json\/wp\/v2\/comments?post=405"}],"version-history":[{"count":0,"href":"https:\/\/horrmund.se\/en\/wp-json\/wp\/v2\/pages\/405\/revisions"}],"up":[{"embeddable":true,"href":"https:\/\/horrmund.se\/en\/wp-json\/wp\/v2\/pages\/397"}],"wp:attachment":[{"href":"https:\/\/horrmund.se\/en\/wp-json\/wp\/v2\/media?parent=405"}],"curies":[{"name":"wp","href":"https:\/\/api.w.org\/{rel}","templated":true}]}}