{"id":394,"date":"2022-08-10T19:07:54","date_gmt":"2022-08-10T17:07:54","guid":{"rendered":"https:\/\/horrmundsgarden3.cmsp.se\/hem\/"},"modified":"2023-11-29T14:32:01","modified_gmt":"2023-11-29T13:32:01","slug":"hem","status":"publish","type":"page","link":"https:\/\/horrmund.se\/en\/","title":{"rendered":"Home"},"content":{"rendered":"<div class=\"wpb-content-wrapper\"><p>[vc_row full_width=&#8221;stretch_row_content_no_spaces&#8221; css=&#8221;.vc_custom_1698147556229{background-image: url(\/files\/horrmundsgaden-toppbild-e1698147528713.jpg?id=139) !important;background-position: center !important;background-repeat: no-repeat !important;background-size: cover !important;}&#8221;][vc_column][vc_empty_space height=&#8221;480px&#8221; el_class=&#8221;empty-350&#8243;][\/vc_column][\/vc_row][vc_section full_width=&#8221;stretch_row&#8221; el_class=&#8221;white&#8221; css=&#8221;.vc_custom_1697620028886{background-color: #587866 !important;}&#8221;][vc_row][vc_column][vc_empty_space height=&#8221;75px&#8221; el_class=&#8221;empty-75&#8243;][\/vc_column][\/vc_row][vc_row][vc_column width=&#8221;1\/6&#8243;][\/vc_column][vc_column width=&#8221;2\/3&#8243;][vc_column_text]<\/p>\n<h1 style=\"text-align: center;\">A calm and cozy Bed &amp; Breakfast in S\u00e4len<\/h1>\n<p style=\"text-align: center;\">In the peaceful forest between S\u00e4len and St\u00f6ten you arrive at our wonderful Bed &amp; Breakfast. Close to Scandinavia\u2019s largest ski resorts with multiple hiking trails and fishing waters as well as Fulufj\u00e4llet\u2019s National Park in the surrounding area makes it easy to find things to do all year round.<\/p>\n<p>[\/vc_column_text][vc_btn title=&#8221;check availabiliy&#8221; style=&#8221;custom&#8221; custom_text=&#8221;#666666&#8243; align=&#8221;center&#8221; link=&#8221;url:https%3A%2F%2Fonline.bookvisit.com%2Faccommodation%2Flist%3FchannelId%3D9a0d78e0-82b4-42b3-95b7-f149dfa2c9a7|target:_blank&#8221;][\/vc_column][vc_column width=&#8221;1\/6&#8243;][\/vc_column][\/vc_row][vc_row][vc_column][vc_empty_space height=&#8221;75px&#8221; el_class=&#8221;empty-75&#8243;][\/vc_column][\/vc_row][\/vc_section][vc_section][vc_row][vc_column][vc_empty_space height=&#8221;75px&#8221; el_class=&#8221;empty-75&#8243;][\/vc_column][\/vc_row][vc_row gap=&#8221;35&#8243; equal_height=&#8221;yes&#8221;][vc_column width=&#8221;1\/2&#8243; el_class=&#8221;ramrow&#8221;][vc_column_text]<\/p>\n<h2>Accommodation<\/h2>\n<p>We have twelve guest rooms with comfortable beds and access to several communal living areas. Large guest kitchen, wood-burning sauna and breakfast buffet with homemade bread and waffles.[\/vc_column_text][vc_btn title=&#8221;See our rooms&#8221; style=&#8221;custom&#8221; custom_text=&#8221;#666666&#8243; link=&#8221;url:%2Fen%2Faccommodation%2F|title:Accommodation&#8221;][\/vc_column][vc_column width=&#8221;1\/2&#8243; el_class=&#8221;ramrow&#8221;][vc_column_text]<\/p>\n<h2>To do<\/h2>\n<p>Enjoy a relaxing walk in nature or if you prefer to wind down inside you can cuddle up with a book in one of our couches. There are multiple activities to be found nearby such as hiking, cycling, skiing, fishing and golf.[\/vc_column_text][vc_btn title=&#8221;More activities&#8221; style=&#8221;custom&#8221; custom_text=&#8221;#666666&#8243; link=&#8221;url:%2Fen%2Fto-do%2F|title:To%20do&#8221;][\/vc_column][\/vc_row][vc_row gap=&#8221;35&#8243; equal_height=&#8221;yes&#8221; el_id=&#8221;row-uneven&#8221;][vc_column width=&#8221;1\/2&#8243; el_class=&#8221;ramrow&#8221;][vc_column_text]<\/p>\n<h2>Offers<\/h2>\n<p>Here you can find what deals we offer at the moment and read more about our diverse packages throughout the year.[\/vc_column_text][vc_btn title=&#8221;View all offers&#8221; style=&#8221;custom&#8221; custom_text=&#8221;#666666&#8243; link=&#8221;url:https%3A%2F%2Fonline.bookvisit.com%2Fpackage%2Flist%3FchannelId%3D9a0d78e0-82b4-42b3-95b7-f149dfa2c9a7|title:Erbjudanden|target:_blank&#8221;][\/vc_column][vc_column width=&#8221;1\/2&#8243; el_class=&#8221;ramrow&#8221;][vc_column_text]<\/p>\n<h2>About us<\/h2>\n<p>We are open all year round and offer homebaked bread and waffles with gooseberry jam for breakfast. Let us take care of you and enjoy your stay at Horrmundsg\u00e5rden.[\/vc_column_text][vc_btn title=&#8221;More about us&#8221; style=&#8221;custom&#8221; custom_text=&#8221;#666666&#8243; link=&#8221;url:%2Fen%2Fabout-us%2F|title:About%20us&#8221;][\/vc_column][\/vc_row][vc_row][vc_column][vc_empty_space height=&#8221;75px&#8221; el_class=&#8221;empty-75&#8243;][\/vc_column][\/vc_row][\/vc_section][vc_section full_width=&#8221;stretch_row&#8221; css=&#8221;.vc_custom_1697640487222{background-color: #f3f0ea !important;}&#8221; el_id=&#8221;iconrow&#8221;][vc_row][vc_column][vc_empty_space height=&#8221;75px&#8221; el_class=&#8221;empty-75&#8243;][\/vc_column][\/vc_row][vc_row][vc_column width=&#8221;1\/5&#8243;][vc_raw_html]JTNDaSUyMGNsYXNzJTNEJTIyZmEtc29saWQlMjBmYS1wZXJzb24tc2tpaW5nJTIyJTNFJTNDJTJGaSUzRQ==[\/vc_raw_html][vc_column_text]Ski resorts [\/vc_column_text][\/vc_column][vc_column width=&#8221;1\/5&#8243;][vc_raw_html]JTNDaSUyMGNsYXNzJTNEJTIyZmEtc29saWQlMjBmYS10cmVlJTIyJTNFJTNDJTJGaSUzRQ==[\/vc_raw_html][vc_column_text]In Nature[\/vc_column_text][\/vc_column][vc_column width=&#8221;1\/5&#8243;][vc_raw_html]JTNDaSUyMGNsYXNzJTNEJTIyZmEtc29saWQlMjBmYS1wZXJzb24taGlraW5nJTIyJTNFJTNDJTJGaSUzRQ==[\/vc_raw_html][vc_column_text]Hiking[\/vc_column_text][\/vc_column][vc_column width=&#8221;1\/5&#8243;][vc_raw_html]JTNDaSUyMGNsYXNzJTNEJTIyZmEtc29saWQlMjBmYS1maXJlLWZsYW1lLWN1cnZlZCUyMiUzRSUzQyUyRmklM0U=[\/vc_raw_html][vc_column_text]Wood-fired Sauna[\/vc_column_text][\/vc_column][vc_column width=&#8221;1\/5&#8243;][vc_raw_html]JTNDaSUyMGNsYXNzJTNEJTIyZmEtc29saWQlMjBmYS13aWZpJTIyJTNFJTNDJTJGaSUzRQ==[\/vc_raw_html][vc_column_text]Wi Fi[\/vc_column_text][\/vc_column][\/vc_row][vc_row][vc_column width=&#8221;1\/5&#8243;][vc_raw_html]JTNDaSUyMGNsYXNzJTNEJTIyZmEtc29saWQlMjBmYS11dGVuc2lscyUyMiUzRSUzQyUyRmklM0U=[\/vc_raw_html][vc_column_text]Guest Kitchen[\/vc_column_text][\/vc_column][vc_column width=&#8221;1\/5&#8243;][vc_raw_html]JTNDaSUyMGNsYXNzJTNEJTIyZmEtc29saWQlMjBmYS1wZXJzb24tc2tpaW5nLW5vcmRpYyUyMiUzRSUzQyUyRmklM0U=[\/vc_raw_html][vc_column_text]Cross-Country[\/vc_column_text][\/vc_column][vc_column width=&#8221;1\/5&#8243;][vc_raw_html]JTNDaSUyMGNsYXNzJTNEJTIyZmEtc29saWQlMjBmYS1zaWducy1wb3N0JTIyJTNFJTNDJTJGaSUzRQ==[\/vc_raw_html][vc_column_text]Snowmobile[\/vc_column_text][\/vc_column][vc_column width=&#8221;1\/5&#8243;][vc_raw_html]JTNDaSUyMGNsYXNzJTNEJTIyZmEtc29saWQlMjBmYS1zcXVhcmUtcGFya2luZyUyMiUzRSUzQyUyRmklM0U=[\/vc_raw_html][vc_column_text]Free Parking[\/vc_column_text][\/vc_column][vc_column width=&#8221;1\/5&#8243;][vc_raw_html]JTNDaSUyMGNsYXNzJTNEJTIyZmEtc29saWQlMjBmYS1wYXclMjIlM0UlM0MlMkZpJTNF[\/vc_raw_html][vc_column_text]Pets allowed[\/vc_column_text][\/vc_column][\/vc_row][vc_row][vc_column][vc_empty_space height=&#8221;75px&#8221; el_class=&#8221;empty-75&#8243;][\/vc_column][\/vc_row][\/vc_section][vc_section][vc_row][vc_column][vc_empty_space height=&#8221;75px&#8221; el_class=&#8221;empty-75&#8243;][\/vc_column][\/vc_row][vc_row][vc_column width=&#8221;1\/6&#8243;][\/vc_column][vc_column width=&#8221;2\/3&#8243;][vc_column_text]<\/p>\n<h2 style=\"text-align: center;\">Why choose our Bed &amp; Breakfast in S\u00e4len?<\/h2>\n<p style=\"text-align: center;\">If you are looking for a comfortable and personal accommodation in a quiet and calm location we believe you will enjoy your stay with us very much. It is calm, cozy and a little bit like home.<\/p>\n<p style=\"text-align: center;\">At Horrmundsg\u00e5rden Bed &amp; Breakfast the parking is free, a large guest kitchen and spacious common areas for our guests to enjoy. Start the day with our popular breakfast buffet and take the short walk to Lake Horrmunden for a refreshing morning swim. The peaceful forest can be enjoyed in the outside garden, you can sit by the fire and have some hot dogs or relax completely in the wood-fired sauna.<\/p>\n<p>[\/vc_column_text][\/vc_column][vc_column width=&#8221;1\/6&#8243;][\/vc_column][\/vc_row][vc_row][vc_column][vc_empty_space height=&#8221;75px&#8221; el_class=&#8221;empty-75&#8243;][\/vc_column][\/vc_row][\/vc_section][vc_section full_width=&#8221;stretch_row&#8221; el_id=&#8221;boka&#8221;][vc_row][vc_column width=&#8221;1\/6&#8243;][\/vc_column][vc_column width=&#8221;2\/3&#8243;][vc_widget_sidebar sidebar_id=&#8221;vc_widget_1&#8243;][\/vc_column][vc_column width=&#8221;1\/6&#8243;][\/vc_column][\/vc_row][\/vc_section]<\/p>\n<\/div>","protected":false},"excerpt":{"rendered":"<p>[vc_row full_width=&#8221;stretch_row_content_no_spaces&#8221; css=&#8221;.vc_custom_1698147556229{background-image: url(\/files\/horrmundsgaden-toppbild-e1698147528713.jpg?id=139) !important;background-position: center !important;background-repeat: no-repeat !important;background-size: cover !important;}&#8221;][vc_column][vc_empty_space height=&#8221;480px&#8221; el_class=&#8221;empty-350&#8243;][\/vc_column][\/vc_row][vc_section full_width=&#8221;stretch_row&#8221; el_class=&#8221;white&#8221; css=&#8221;.vc_custom_1697620028886{background-color: #587866 !important;}&#8221;][vc_row][vc_column][vc_empty_space height=&#8221;75px&#8221; el_class=&#8221;empty-75&#8243;][\/vc_column][\/vc_row][vc_row][vc_column width=&#8221;1\/6&#8243;][\/vc_column][vc_column width=&#8221;2\/3&#8243;][vc_column_text] A calm and cozy Bed &amp; Breakfast in S\u00e4len In the peaceful forest between S\u00e4len and St\u00f6ten you arrive at our wonderful Bed &amp; Breakfast. Close to Scandinavia\u2019s largest ski resorts with multiple [&hellip;]<\/p>\n","protected":false},"author":2692,"featured_media":0,"parent":0,"menu_order":1,"comment_status":"closed","ping_status":"closed","template":"","meta":{"footnotes":""},"class_list":["post-394","page","type-page","status-publish","hentry"],"_links":{"self":[{"href":"https:\/\/horrmund.se\/en\/wp-json\/wp\/v2\/pages\/394","targetHints":{"allow":["GET"]}}],"collection":[{"href":"https:\/\/horrmund.se\/en\/wp-json\/wp\/v2\/pages"}],"about":[{"href":"https:\/\/horrmund.se\/en\/wp-json\/wp\/v2\/types\/page"}],"author":[{"embeddable":true,"href":"https:\/\/horrmund.se\/en\/wp-json\/wp\/v2\/users\/2692"}],"replies":[{"embeddable":true,"href":"https:\/\/horrmund.se\/en\/wp-json\/wp\/v2\/comments?post=394"}],"version-history":[{"count":15,"href":"https:\/\/horrmund.se\/en\/wp-json\/wp\/v2\/pages\/394\/revisions"}],"predecessor-version":[{"id":544,"href":"https:\/\/horrmund.se\/en\/wp-json\/wp\/v2\/pages\/394\/revisions\/544"}],"wp:attachment":[{"href":"https:\/\/horrmund.se\/en\/wp-json\/wp\/v2\/media?parent=394"}],"curies":[{"name":"wp","href":"https:\/\/api.w.org\/{rel}","templated":true}]}}